{"id":852,"date":"2015-02-11T22:02:00","date_gmt":"2015-02-11T20:02:00","guid":{"rendered":"https:\/\/stefanmuntwyler-pigmente.ch\/?page_id=852"},"modified":"2018-11-26T10:51:28","modified_gmt":"2018-11-26T09:51:28","slug":"dates","status":"publish","type":"page","link":"https:\/\/stefanmuntwyler-pigmente.ch\/en\/dates\/","title":{"rendered":"Dates \/ News"},"content":{"rendered":"<div><\/div>\n<h3 class=\"bar\"><span class=\"akka2\">I paint colours. From painter to Colourman<\/span><br \/>\n<span class=\"schwarz\"><a href=\"https:\/\/stefanmuntwyler-pigmente.ch\/wp-content\/uploads\/Ferrum-90_2018.pdf\">new: PDF in English<\/a><\/span><\/h3>\n<h3 class=\"bar\"><span class=\"akka2\">Galerie anixis, Baden<br \/>\n15. M\u00e4rz bis 14. April 2019<\/span><br \/>\n<span class=\"schwarz\">&#8230; MIT DEN AARGAUER AQUARELLFARBEN<\/span><br \/>\nBarbara Scarab\u00e9e K\u00e4ser-Weber \u2013 Stefan Muntwyler<\/h3>\n<div class=\"content\">Barbara Scarab\u00e9e K\u00e4ser-Weber \u2013 Aargauer Fauna und Flora<br \/>\nStefan Muntwyler \u2013 Aargau monchorom, Ausblick auf Kythira<br \/>\n<strong>Vernissage<\/strong> 15. M\u00e4rz 2019 \/ 19:00 Uhr<br \/>\n<strong>Offener Sonntag<\/strong> 24. M\u00e4rz 2019 \/ 14:00 &#8211; 17:00 Uhr<br \/>\n<strong>Pr\u00e4sentation<\/strong> 29. M\u00e4rz 2019 \/ 19:00 &#8211; 20:00 Uhr<br \/>\n<strong>Finissage<\/strong> 14. April 2019 \/ 14:00 &#8211; 17:00 Uhr<br \/>\n<strong>\u00d6ffnungszeiten<\/strong> Di, Mi, Fr, Sa 14:00 &#8211; 17:00 Uhr<br \/>\n<a href=\"https:\/\/stefanmuntwyler-pigmente.ch\/wp-content\/uploads\/Einladung_anixis.pdf\"><strong>Einladung<\/strong><\/a><\/div>\n<div class=\"content\"><a title=\"Aargauer Aquarellkasten\" href=\"https:\/\/stefanmuntwyler-pigmente.ch\/produkt\/aargauer-aquarellkasten\/\"><span class=\"red\"><strong>Aquarellkasten bestellen<\/strong><\/span><\/a><br \/>\n<a href=\"https:\/\/stefanmuntwyler-pigmente.ch\/aquarellfarben\/aargauer-aquarellkasten-presse\/\"><strong>Presse \/ Radio \/ TV \/ Bilder &gt;&gt;<\/strong><\/a><\/div>\n<h3 class=\"bar\"><span class=\"akka2\">AARGAUER AQUARELLKASTEN<\/span><br \/>\n<span class=\"schwarz\">Malkasten der Erde<\/span><span class=\"red\"> \u2013 2. Auflage<\/span><br \/>\n<a href=\"https:\/\/stefanmuntwyler-pigmente.ch\/aquarellfarben\/\">16 Farben aus dem Kanton<\/a><br \/>\nSchweiz aktuell <a href=\"https:\/\/stefanmuntwyler-pigmente.ch\/aquarellfarben\/die-farben-des-aargaus\/\">Beitrag anschauen<\/a><\/h3>\n<div class=\"content\"><a title=\"Aargauer Aquarellkasten\" href=\"https:\/\/stefanmuntwyler-pigmente.ch\/produkt\/aargauer-aquarellkasten\/\"><span class=\"red\"><strong>Bestellungen<\/strong><\/span><\/a><br \/>\n<a href=\"https:\/\/stefanmuntwyler-pigmente.ch\/aquarellfarben\/aargauer-aquarellkasten-presse\/\"><strong>Presse \/ Radio \/ TV \/ Bilder &gt;&gt;<\/strong><\/a><\/div>\n<h3 class=\"bar\"><span class=\"akka2\">DIE ZEIT<\/span><br \/>\n<span class=\"schwarz\">\u00abMalkasten der Erde\u00bb Ausgabe 10 \/ 2015<\/span><\/h3>\n<div class=\"content\"><a href=\"https:\/\/stefanmuntwyler-pigmente.ch\/wp-content\/uploads\/Artikel_DIE_ZEIT_komplett.pdf\" target=\"_blank\" rel=\"noopener noreferrer\">Link zum Artikel<\/a><\/div>\n<h3 class=\"bar\"><span class=\"akka2\">NZZ FORMAT<\/span><br \/>\n<span class=\"schwarz\">\u00c4STHETIK UND EMOTION <\/span><br \/>\nIm Rausch der Farben<\/h3>\n<div class=\"content\"><a href=\"https:\/\/stefanmuntwyler-pigmente.ch\/nzz-format-farben\/\">Link zum Film<\/a><\/div>\n<h3 class=\"bar\"><span class=\"akka2\">SEEGRUNDPROJEKT OTRANTO<\/span><br \/>\nBauxitgrube Otranto<\/h3>\n<div class=\"content\"><a href=\"https:\/\/www.youtube.com\/watch?v=TVVyXhkJZy4\">Film (youtube)<\/a><\/div>\n<h3 class=\"bar\"><span class=\"akka2\">WIESBADEN MUSEUM<\/span><span class=\"schwarz\"> \/ Dauerausstellung<\/span><br \/>\n\u00c4STHETIK DER NATUR: Farbe \u2013 Form \u2013 Bewegung \u2013 Zeit<\/h3>\n<div class=\"content\"><a class=\"aka_lin\" href=\"http:\/\/museum-wiesbaden.de\/museum\/naturhistorische-sammlungen\">Link zur Ausstellung<\/a><\/div>\n","protected":false},"excerpt":{"rendered":"<p>I paint colours. From painter to Colourman new: PDF in English Galerie anixis, Baden 15. M\u00e4rz bis 14. April 2019 &#8230; MIT DEN AARGAUER AQUARELLFARBEN Barbara Scarab\u00e9e K\u00e4ser-Weber \u2013 Stefan Muntwyler Barbara Scarab\u00e9e K\u00e4ser-Weber \u2013 Aargauer Fauna und Flora Stefan Muntwyler \u2013 Aargau monchorom, Ausblick auf Kythira Vernissage 15. M\u00e4rz 2019 \/ 19:00 Uhr Offener &hellip;<\/p>\n","protected":false},"author":1,"featured_media":2547,"parent":0,"menu_order":12,"comment_status":"closed","ping_status":"closed","template":"","meta":{"_acf_changed":false,"footnotes":""},"class_list":["post-852","page","type-page","status-publish","has-post-thumbnail","hentry"],"acf":[],"yoast_head":"<!-- This site is optimized with the Yoast SEO plugin v26.7 - https:\/\/yoast.com\/wordpress\/plugins\/seo\/ -->\n<title>Dates \/ News - Stefan Muntwyler Pigmente<\/title>\n<meta name=\"robots\" content=\"index, follow, max-snippet:-1, max-image-preview:large, max-video-preview:-1\" \/>\n<link rel=\"canonical\" href=\"https:\/\/stefanmuntwyler-pigmente.ch\/en\/dates\/\" \/>\n<meta property=\"og:locale\" content=\"en_US\" \/>\n<meta property=\"og:type\" content=\"article\" \/>\n<meta property=\"og:title\" content=\"Dates \/ News - Stefan Muntwyler Pigmente\" \/>\n<meta property=\"og:description\" content=\"I paint colours. From painter to Colourman new: PDF in English Galerie anixis, Baden 15. M\u00e4rz bis 14. April 2019 &#8230; MIT DEN AARGAUER AQUARELLFARBEN Barbara Scarab\u00e9e K\u00e4ser-Weber \u2013 Stefan Muntwyler Barbara Scarab\u00e9e K\u00e4ser-Weber \u2013 Aargauer Fauna und Flora Stefan Muntwyler \u2013 Aargau monchorom, Ausblick auf Kythira Vernissage 15. M\u00e4rz 2019 \/ 19:00 Uhr Offener &hellip;\" \/>\n<meta property=\"og:url\" content=\"https:\/\/stefanmuntwyler-pigmente.ch\/en\/dates\/\" \/>\n<meta property=\"og:site_name\" content=\"Stefan Muntwyler Pigmente\" \/>\n<meta property=\"article:modified_time\" content=\"2018-11-26T09:51:28+00:00\" \/>\n<meta property=\"og:image\" content=\"https:\/\/stefanmuntwyler-pigmente.ch\/wp-content\/uploads\/aquarellkasten_2.jpg\" \/>\n\t<meta property=\"og:image:width\" content=\"1170\" \/>\n\t<meta property=\"og:image:height\" content=\"585\" \/>\n\t<meta property=\"og:image:type\" content=\"image\/jpeg\" \/>\n<meta name=\"twitter:label1\" content=\"Est. reading time\" \/>\n\t<meta name=\"twitter:data1\" content=\"1 minute\" \/>\n<script type=\"application\/ld+json\" class=\"yoast-schema-graph\">{\"@context\":\"https:\/\/schema.org\",\"@graph\":[{\"@type\":\"WebPage\",\"@id\":\"https:\/\/stefanmuntwyler-pigmente.ch\/en\/dates\/\",\"url\":\"https:\/\/stefanmuntwyler-pigmente.ch\/en\/dates\/\",\"name\":\"Dates \/ News - Stefan Muntwyler Pigmente\",\"isPartOf\":{\"@id\":\"https:\/\/stefanmuntwyler-pigmente.ch\/en\/#website\"},\"primaryImageOfPage\":{\"@id\":\"https:\/\/stefanmuntwyler-pigmente.ch\/en\/dates\/#primaryimage\"},\"image\":{\"@id\":\"https:\/\/stefanmuntwyler-pigmente.ch\/en\/dates\/#primaryimage\"},\"thumbnailUrl\":\"https:\/\/stefanmuntwyler-pigmente.ch\/wp-content\/uploads\/aquarellkasten_2.jpg\",\"datePublished\":\"2015-02-11T20:02:00+00:00\",\"dateModified\":\"2018-11-26T09:51:28+00:00\",\"breadcrumb\":{\"@id\":\"https:\/\/stefanmuntwyler-pigmente.ch\/en\/dates\/#breadcrumb\"},\"inLanguage\":\"en-US\",\"potentialAction\":[{\"@type\":\"ReadAction\",\"target\":[\"https:\/\/stefanmuntwyler-pigmente.ch\/en\/dates\/\"]}]},{\"@type\":\"ImageObject\",\"inLanguage\":\"en-US\",\"@id\":\"https:\/\/stefanmuntwyler-pigmente.ch\/en\/dates\/#primaryimage\",\"url\":\"https:\/\/stefanmuntwyler-pigmente.ch\/wp-content\/uploads\/aquarellkasten_2.jpg\",\"contentUrl\":\"https:\/\/stefanmuntwyler-pigmente.ch\/wp-content\/uploads\/aquarellkasten_2.jpg\",\"width\":1170,\"height\":585},{\"@type\":\"BreadcrumbList\",\"@id\":\"https:\/\/stefanmuntwyler-pigmente.ch\/en\/dates\/#breadcrumb\",\"itemListElement\":[{\"@type\":\"ListItem\",\"position\":1,\"name\":\"Home\",\"item\":\"https:\/\/stefanmuntwyler-pigmente.ch\/en\/\"},{\"@type\":\"ListItem\",\"position\":2,\"name\":\"Dates \/ News\"}]},{\"@type\":\"WebSite\",\"@id\":\"https:\/\/stefanmuntwyler-pigmente.ch\/en\/#website\",\"url\":\"https:\/\/stefanmuntwyler-pigmente.ch\/en\/\",\"name\":\"Stefan Muntwyler Pigmente\",\"description\":\"Farbforscher und K\u00fcnstler\",\"potentialAction\":[{\"@type\":\"SearchAction\",\"target\":{\"@type\":\"EntryPoint\",\"urlTemplate\":\"https:\/\/stefanmuntwyler-pigmente.ch\/en\/?s={search_term_string}\"},\"query-input\":{\"@type\":\"PropertyValueSpecification\",\"valueRequired\":true,\"valueName\":\"search_term_string\"}}],\"inLanguage\":\"en-US\"}]}<\/script>\n<!-- \/ Yoast SEO plugin. -->","yoast_head_json":{"title":"Dates \/ News - Stefan Muntwyler Pigmente","robots":{"index":"index","follow":"follow","max-snippet":"max-snippet:-1","max-image-preview":"max-image-preview:large","max-video-preview":"max-video-preview:-1"},"canonical":"https:\/\/stefanmuntwyler-pigmente.ch\/en\/dates\/","og_locale":"en_US","og_type":"article","og_title":"Dates \/ News - Stefan Muntwyler Pigmente","og_description":"I paint colours. From painter to Colourman new: PDF in English Galerie anixis, Baden 15. M\u00e4rz bis 14. April 2019 &#8230; MIT DEN AARGAUER AQUARELLFARBEN Barbara Scarab\u00e9e K\u00e4ser-Weber \u2013 Stefan Muntwyler Barbara Scarab\u00e9e K\u00e4ser-Weber \u2013 Aargauer Fauna und Flora Stefan Muntwyler \u2013 Aargau monchorom, Ausblick auf Kythira Vernissage 15. M\u00e4rz 2019 \/ 19:00 Uhr Offener &hellip;","og_url":"https:\/\/stefanmuntwyler-pigmente.ch\/en\/dates\/","og_site_name":"Stefan Muntwyler Pigmente","article_modified_time":"2018-11-26T09:51:28+00:00","og_image":[{"width":1170,"height":585,"url":"https:\/\/stefanmuntwyler-pigmente.ch\/wp-content\/uploads\/aquarellkasten_2.jpg","type":"image\/jpeg"}],"twitter_misc":{"Est. reading time":"1 minute"},"schema":{"@context":"https:\/\/schema.org","@graph":[{"@type":"WebPage","@id":"https:\/\/stefanmuntwyler-pigmente.ch\/en\/dates\/","url":"https:\/\/stefanmuntwyler-pigmente.ch\/en\/dates\/","name":"Dates \/ News - Stefan Muntwyler Pigmente","isPartOf":{"@id":"https:\/\/stefanmuntwyler-pigmente.ch\/en\/#website"},"primaryImageOfPage":{"@id":"https:\/\/stefanmuntwyler-pigmente.ch\/en\/dates\/#primaryimage"},"image":{"@id":"https:\/\/stefanmuntwyler-pigmente.ch\/en\/dates\/#primaryimage"},"thumbnailUrl":"https:\/\/stefanmuntwyler-pigmente.ch\/wp-content\/uploads\/aquarellkasten_2.jpg","datePublished":"2015-02-11T20:02:00+00:00","dateModified":"2018-11-26T09:51:28+00:00","breadcrumb":{"@id":"https:\/\/stefanmuntwyler-pigmente.ch\/en\/dates\/#breadcrumb"},"inLanguage":"en-US","potentialAction":[{"@type":"ReadAction","target":["https:\/\/stefanmuntwyler-pigmente.ch\/en\/dates\/"]}]},{"@type":"ImageObject","inLanguage":"en-US","@id":"https:\/\/stefanmuntwyler-pigmente.ch\/en\/dates\/#primaryimage","url":"https:\/\/stefanmuntwyler-pigmente.ch\/wp-content\/uploads\/aquarellkasten_2.jpg","contentUrl":"https:\/\/stefanmuntwyler-pigmente.ch\/wp-content\/uploads\/aquarellkasten_2.jpg","width":1170,"height":585},{"@type":"BreadcrumbList","@id":"https:\/\/stefanmuntwyler-pigmente.ch\/en\/dates\/#breadcrumb","itemListElement":[{"@type":"ListItem","position":1,"name":"Home","item":"https:\/\/stefanmuntwyler-pigmente.ch\/en\/"},{"@type":"ListItem","position":2,"name":"Dates \/ News"}]},{"@type":"WebSite","@id":"https:\/\/stefanmuntwyler-pigmente.ch\/en\/#website","url":"https:\/\/stefanmuntwyler-pigmente.ch\/en\/","name":"Stefan Muntwyler Pigmente","description":"Farbforscher und K\u00fcnstler","potentialAction":[{"@type":"SearchAction","target":{"@type":"EntryPoint","urlTemplate":"https:\/\/stefanmuntwyler-pigmente.ch\/en\/?s={search_term_string}"},"query-input":{"@type":"PropertyValueSpecification","valueRequired":true,"valueName":"search_term_string"}}],"inLanguage":"en-US"}]}},"_links":{"self":[{"href":"https:\/\/stefanmuntwyler-pigmente.ch\/en\/wp-json\/wp\/v2\/pages\/852","targetHints":{"allow":["GET"]}}],"collection":[{"href":"https:\/\/stefanmuntwyler-pigmente.ch\/en\/wp-json\/wp\/v2\/pages"}],"about":[{"href":"https:\/\/stefanmuntwyler-pigmente.ch\/en\/wp-json\/wp\/v2\/types\/page"}],"author":[{"embeddable":true,"href":"https:\/\/stefanmuntwyler-pigmente.ch\/en\/wp-json\/wp\/v2\/users\/1"}],"replies":[{"embeddable":true,"href":"https:\/\/stefanmuntwyler-pigmente.ch\/en\/wp-json\/wp\/v2\/comments?post=852"}],"version-history":[{"count":46,"href":"https:\/\/stefanmuntwyler-pigmente.ch\/en\/wp-json\/wp\/v2\/pages\/852\/revisions"}],"predecessor-version":[{"id":3164,"href":"https:\/\/stefanmuntwyler-pigmente.ch\/en\/wp-json\/wp\/v2\/pages\/852\/revisions\/3164"}],"wp:featuredmedia":[{"embeddable":true,"href":"https:\/\/stefanmuntwyler-pigmente.ch\/en\/wp-json\/wp\/v2\/media\/2547"}],"wp:attachment":[{"href":"https:\/\/stefanmuntwyler-pigmente.ch\/en\/wp-json\/wp\/v2\/media?parent=852"}],"curies":[{"name":"wp","href":"https:\/\/api.w.org\/{rel}","templated":true}]}}