{"id":744,"date":"2014-11-18T20:57:05","date_gmt":"2014-11-18T18:57:05","guid":{"rendered":"https:\/\/stefanmuntwyler-pigmente.ch\/?page_id=744"},"modified":"2018-10-22T18:41:15","modified_gmt":"2018-10-22T16:41:15","slug":"archive","status":"publish","type":"page","link":"https:\/\/stefanmuntwyler-pigmente.ch\/en\/archive\/","title":{"rendered":"Archive"},"content":{"rendered":"<div class=\"arch\">\n<p class=\"thema\">VERKAUFT!<\/p>\n<p class=\"bild\"><img decoding=\"async\" src=\"https:\/\/stefanmuntwyler-pigmente.ch\/wp-content\/uploads\/pigmentwerkstatt_sortiment1-115x115.jpg\" alt=\"Pigmentwerkstatt Sortiment\" width=\"111\" height=\"100\" \/><\/p>\n<p class=\"title\"><strong>ZU VERKAUFEN: PIGMENTEWERKSTATT \/<\/strong> <strong class=\"red\">13. Oktober 2015<\/strong><\/p>\n<p class=\"text\"><strong>EINE WERKSTATT AUF R\u00c4DERN<br \/>\n<\/strong>\u00abDas Material ist von hoher Qualit\u00e4t, gebraucht, aber in gutem Zustand. Alles ist kompakt in stapelbaren Kunststoffkisten verpackt und bequem fahrbar &#8230; <a class=\"derlink red\" title=\"PIGMENTEWERKSTATT: Farbe\" href=\"https:\/\/stefanmuntwyler-pigmente.ch\/pigmentwerkstatt-zu-verkaufen\/\">Link<\/a><\/p>\n<\/div>\n<div class=\"arch\">\n<p class=\"thema\">PROJEKTE<\/p>\n<p class=\"bild\"><img decoding=\"async\" src=\"https:\/\/stefanmuntwyler-pigmente.ch\/media\/zumsehen\/queen_3_kl.jpg\" alt=\"Austellung Wiesbaden\" width=\"111\" height=\"100\" \/><\/p>\n<p class=\"title\"><strong>KUNST-STUDENTIN \/<\/strong> <strong class=\"red\">20. August 2013<\/strong><\/p>\n<p class=\"text\"><strong>Malen mit Pigmenten aus Ghana und L\u00e4ndern Afrikas<br \/>\n<\/strong>\u00abDas Thema meiner Selbst\u00e4ndigen Arbeit verbindet mich mit den Traditionen, der Kultur und den Frauen Ghanas.\u00bb <a class=\"derlink red\" title=\"Kunst-Studentin\" href=\"https:\/\/stefanmuntwyler-pigmente.ch\/kunst-studentin\/\">Link<\/a><\/p>\n<\/div>\n<div class=\"arch\">\n<p class=\"thema\">PROJEKTE<\/p>\n<p class=\"bild\"><img decoding=\"async\" src=\"https:\/\/stefanmuntwyler-pigmente.ch\/media\/zumsehen\/nzz_steine.jpg\" alt=\"Austellung Wiesbaden\" width=\"111\" height=\"100\" \/><\/p>\n<p class=\"title\"><strong>IM RAUSCH DER FARBEN \/<\/strong> <strong class=\"red\">15. APRIL 2013<\/strong><\/p>\n<p class=\"text\">\u00abF\u00fcr den Maler und Farbforscher Stefan Muntwyler ist Farbe zum Leitthema seiner Kunst geworden und die Erforschung der Farbmittel zu seiner gr\u00f6ssten Leidenschaft.\u00bb Gerti Maader \u2013 Producer NZZ Format <a class=\"derlink red\" title=\"Im Rausch der Farben\" href=\"https:\/\/stefanmuntwyler-pigmente.ch\/im-rausch-der-farben\/\">Link<\/a><\/p>\n<\/div>\n<div class=\"arch\">\n<p class=\"thema\">PROJEKTE<\/p>\n<p class=\"bild\"><img decoding=\"async\" src=\"https:\/\/stefanmuntwyler-pigmente.ch\/media\/archiv\/queen.jpg\" alt=\"\" width=\"111\" height=\"100\" \/><\/p>\n<p class=\"title\"><strong>PRAKTIKUM KUNST \/<\/strong> <strong class=\"red\">13. April 2013<\/strong><\/p>\n<p class=\"text\"><strong>PRAKTIKANTIN IM ATELIER<br \/>\n<\/strong>\u00abIch hoffe, dass ich drei Wochen auf Computer verzichten und m\u00f6glichst mit meinen H\u00e4nden, den Augen und meinem Herz arbeiten kann\u00bb <a class=\"derlink red\" title=\"Praktikantin im Atelier\" href=\"https:\/\/stefanmuntwyler-pigmente.ch\/praktikantin-im-atelier\/\">Link<\/a><\/p>\n<\/div>\n<div class=\"arch\">\n<p class=\"thema\">PROJEKTE<\/p>\n<p class=\"bild\"><img decoding=\"async\" src=\"https:\/\/stefanmuntwyler-pigmente.ch\/media\/archiv\/intensivwoche.jpg\" alt=\"Austellung Wiesbaden\" width=\"111\" height=\"100\" \/><\/p>\n<p class=\"title\"><strong>INTENSIVWOCHEN \/<\/strong> <strong class=\"red\">23. Oktober 2012<\/strong><\/p>\n<p class=\"text\"><strong>ABSCHLUSSKLASSEN-PROJEKT: FARBE<br \/>\n<\/strong>\u00abIch fand diese zwei Wochen wundersch\u00f6n und bin dankbar daf\u00fcr. Ich habe auch etwas \u00fcber mich selbst gelernt, nicht nur \u00fcber Farben. Ich denke, darauf kommt &#8230; <a class=\"derlink red\" title=\"Abschlussklassenprojekt: Farbe\" href=\"https:\/\/stefanmuntwyler-pigmente.ch\/abschlussklassenprojekt-farbe\/\">Link<\/a><\/p>\n<\/div>\n","protected":false},"excerpt":{"rendered":"<p>VERKAUFT! ZU VERKAUFEN: PIGMENTEWERKSTATT \/ 13. Oktober 2015 EINE WERKSTATT AUF R\u00c4DERN \u00abDas Material ist von hoher Qualit\u00e4t, gebraucht, aber in gutem Zustand. Alles ist kompakt in stapelbaren Kunststoffkisten verpackt und bequem fahrbar &#8230; Link PROJEKTE KUNST-STUDENTIN \/ 20. August 2013 Malen mit Pigmenten aus Ghana und L\u00e4ndern Afrikas \u00abDas Thema meiner Selbst\u00e4ndigen Arbeit verbindet &hellip;<\/p>\n","protected":false},"author":1,"featured_media":0,"parent":0,"menu_order":103,"comment_status":"closed","ping_status":"closed","template":"","meta":{"_acf_changed":false,"footnotes":""},"class_list":["post-744","page","type-page","status-publish","hentry"],"acf":[],"yoast_head":"<!-- This site is optimized with the Yoast SEO plugin v26.7 - https:\/\/yoast.com\/wordpress\/plugins\/seo\/ -->\n<title>Archive - Stefan Muntwyler Pigmente<\/title>\n<meta name=\"description\" content=\"Stefan Muntwyler, Maler und Pigmentforscher, ist einer der intimsten Kenner der Welt der Farben. Er besch\u00e4ftigt sich mit Pigmenten und ihrer Herstellung.\" \/>\n<meta name=\"robots\" content=\"index, follow, max-snippet:-1, max-image-preview:large, max-video-preview:-1\" \/>\n<link rel=\"canonical\" href=\"https:\/\/stefanmuntwyler-pigmente.ch\/en\/archive\/\" \/>\n<meta property=\"og:locale\" content=\"en_US\" \/>\n<meta property=\"og:type\" content=\"article\" \/>\n<meta property=\"og:title\" content=\"Archive - Stefan Muntwyler Pigmente\" \/>\n<meta property=\"og:description\" content=\"Stefan Muntwyler, Maler und Pigmentforscher, ist einer der intimsten Kenner der Welt der Farben. Er besch\u00e4ftigt sich mit Pigmenten und ihrer Herstellung.\" \/>\n<meta property=\"og:url\" content=\"https:\/\/stefanmuntwyler-pigmente.ch\/en\/archive\/\" \/>\n<meta property=\"og:site_name\" content=\"Stefan Muntwyler Pigmente\" \/>\n<meta property=\"article:modified_time\" content=\"2018-10-22T16:41:15+00:00\" \/>\n<meta property=\"og:image\" content=\"https:\/\/stefanmuntwyler-pigmente.ch\/wp-content\/uploads\/pigmentwerkstatt_sortiment1-115x115.jpg\" \/>\n<meta name=\"twitter:label1\" content=\"Est. reading time\" \/>\n\t<meta name=\"twitter:data1\" content=\"1 minute\" \/>\n<script type=\"application\/ld+json\" class=\"yoast-schema-graph\">{\"@context\":\"https:\/\/schema.org\",\"@graph\":[{\"@type\":\"WebPage\",\"@id\":\"https:\/\/stefanmuntwyler-pigmente.ch\/en\/archive\/\",\"url\":\"https:\/\/stefanmuntwyler-pigmente.ch\/en\/archive\/\",\"name\":\"Archive - Stefan Muntwyler Pigmente\",\"isPartOf\":{\"@id\":\"https:\/\/stefanmuntwyler-pigmente.ch\/en\/#website\"},\"primaryImageOfPage\":{\"@id\":\"https:\/\/stefanmuntwyler-pigmente.ch\/en\/archive\/#primaryimage\"},\"image\":{\"@id\":\"https:\/\/stefanmuntwyler-pigmente.ch\/en\/archive\/#primaryimage\"},\"thumbnailUrl\":\"https:\/\/stefanmuntwyler-pigmente.ch\/wp-content\/uploads\/pigmentwerkstatt_sortiment1-115x115.jpg\",\"datePublished\":\"2014-11-18T18:57:05+00:00\",\"dateModified\":\"2018-10-22T16:41:15+00:00\",\"description\":\"Stefan Muntwyler, Maler und Pigmentforscher, ist einer der intimsten Kenner der Welt der Farben. Er besch\u00e4ftigt sich mit Pigmenten und ihrer Herstellung.\",\"breadcrumb\":{\"@id\":\"https:\/\/stefanmuntwyler-pigmente.ch\/en\/archive\/#breadcrumb\"},\"inLanguage\":\"en-US\",\"potentialAction\":[{\"@type\":\"ReadAction\",\"target\":[\"https:\/\/stefanmuntwyler-pigmente.ch\/en\/archive\/\"]}]},{\"@type\":\"ImageObject\",\"inLanguage\":\"en-US\",\"@id\":\"https:\/\/stefanmuntwyler-pigmente.ch\/en\/archive\/#primaryimage\",\"url\":\"https:\/\/stefanmuntwyler-pigmente.ch\/wp-content\/uploads\/pigmentwerkstatt_sortiment1-115x115.jpg\",\"contentUrl\":\"https:\/\/stefanmuntwyler-pigmente.ch\/wp-content\/uploads\/pigmentwerkstatt_sortiment1-115x115.jpg\"},{\"@type\":\"BreadcrumbList\",\"@id\":\"https:\/\/stefanmuntwyler-pigmente.ch\/en\/archive\/#breadcrumb\",\"itemListElement\":[{\"@type\":\"ListItem\",\"position\":1,\"name\":\"Home\",\"item\":\"https:\/\/stefanmuntwyler-pigmente.ch\/en\/\"},{\"@type\":\"ListItem\",\"position\":2,\"name\":\"Archive\"}]},{\"@type\":\"WebSite\",\"@id\":\"https:\/\/stefanmuntwyler-pigmente.ch\/en\/#website\",\"url\":\"https:\/\/stefanmuntwyler-pigmente.ch\/en\/\",\"name\":\"Stefan Muntwyler Pigmente\",\"description\":\"Farbforscher und K\u00fcnstler\",\"potentialAction\":[{\"@type\":\"SearchAction\",\"target\":{\"@type\":\"EntryPoint\",\"urlTemplate\":\"https:\/\/stefanmuntwyler-pigmente.ch\/en\/?s={search_term_string}\"},\"query-input\":{\"@type\":\"PropertyValueSpecification\",\"valueRequired\":true,\"valueName\":\"search_term_string\"}}],\"inLanguage\":\"en-US\"}]}<\/script>\n<!-- \/ Yoast SEO plugin. -->","yoast_head_json":{"title":"Archive - Stefan Muntwyler Pigmente","description":"Stefan Muntwyler, Maler und Pigmentforscher, ist einer der intimsten Kenner der Welt der Farben. Er besch\u00e4ftigt sich mit Pigmenten und ihrer Herstellung.","robots":{"index":"index","follow":"follow","max-snippet":"max-snippet:-1","max-image-preview":"max-image-preview:large","max-video-preview":"max-video-preview:-1"},"canonical":"https:\/\/stefanmuntwyler-pigmente.ch\/en\/archive\/","og_locale":"en_US","og_type":"article","og_title":"Archive - Stefan Muntwyler Pigmente","og_description":"Stefan Muntwyler, Maler und Pigmentforscher, ist einer der intimsten Kenner der Welt der Farben. Er besch\u00e4ftigt sich mit Pigmenten und ihrer Herstellung.","og_url":"https:\/\/stefanmuntwyler-pigmente.ch\/en\/archive\/","og_site_name":"Stefan Muntwyler Pigmente","article_modified_time":"2018-10-22T16:41:15+00:00","og_image":[{"url":"https:\/\/stefanmuntwyler-pigmente.ch\/wp-content\/uploads\/pigmentwerkstatt_sortiment1-115x115.jpg","type":"","width":"","height":""}],"twitter_misc":{"Est. reading time":"1 minute"},"schema":{"@context":"https:\/\/schema.org","@graph":[{"@type":"WebPage","@id":"https:\/\/stefanmuntwyler-pigmente.ch\/en\/archive\/","url":"https:\/\/stefanmuntwyler-pigmente.ch\/en\/archive\/","name":"Archive - Stefan Muntwyler Pigmente","isPartOf":{"@id":"https:\/\/stefanmuntwyler-pigmente.ch\/en\/#website"},"primaryImageOfPage":{"@id":"https:\/\/stefanmuntwyler-pigmente.ch\/en\/archive\/#primaryimage"},"image":{"@id":"https:\/\/stefanmuntwyler-pigmente.ch\/en\/archive\/#primaryimage"},"thumbnailUrl":"https:\/\/stefanmuntwyler-pigmente.ch\/wp-content\/uploads\/pigmentwerkstatt_sortiment1-115x115.jpg","datePublished":"2014-11-18T18:57:05+00:00","dateModified":"2018-10-22T16:41:15+00:00","description":"Stefan Muntwyler, Maler und Pigmentforscher, ist einer der intimsten Kenner der Welt der Farben. Er besch\u00e4ftigt sich mit Pigmenten und ihrer Herstellung.","breadcrumb":{"@id":"https:\/\/stefanmuntwyler-pigmente.ch\/en\/archive\/#breadcrumb"},"inLanguage":"en-US","potentialAction":[{"@type":"ReadAction","target":["https:\/\/stefanmuntwyler-pigmente.ch\/en\/archive\/"]}]},{"@type":"ImageObject","inLanguage":"en-US","@id":"https:\/\/stefanmuntwyler-pigmente.ch\/en\/archive\/#primaryimage","url":"https:\/\/stefanmuntwyler-pigmente.ch\/wp-content\/uploads\/pigmentwerkstatt_sortiment1-115x115.jpg","contentUrl":"https:\/\/stefanmuntwyler-pigmente.ch\/wp-content\/uploads\/pigmentwerkstatt_sortiment1-115x115.jpg"},{"@type":"BreadcrumbList","@id":"https:\/\/stefanmuntwyler-pigmente.ch\/en\/archive\/#breadcrumb","itemListElement":[{"@type":"ListItem","position":1,"name":"Home","item":"https:\/\/stefanmuntwyler-pigmente.ch\/en\/"},{"@type":"ListItem","position":2,"name":"Archive"}]},{"@type":"WebSite","@id":"https:\/\/stefanmuntwyler-pigmente.ch\/en\/#website","url":"https:\/\/stefanmuntwyler-pigmente.ch\/en\/","name":"Stefan Muntwyler Pigmente","description":"Farbforscher und K\u00fcnstler","potentialAction":[{"@type":"SearchAction","target":{"@type":"EntryPoint","urlTemplate":"https:\/\/stefanmuntwyler-pigmente.ch\/en\/?s={search_term_string}"},"query-input":{"@type":"PropertyValueSpecification","valueRequired":true,"valueName":"search_term_string"}}],"inLanguage":"en-US"}]}},"_links":{"self":[{"href":"https:\/\/stefanmuntwyler-pigmente.ch\/en\/wp-json\/wp\/v2\/pages\/744","targetHints":{"allow":["GET"]}}],"collection":[{"href":"https:\/\/stefanmuntwyler-pigmente.ch\/en\/wp-json\/wp\/v2\/pages"}],"about":[{"href":"https:\/\/stefanmuntwyler-pigmente.ch\/en\/wp-json\/wp\/v2\/types\/page"}],"author":[{"embeddable":true,"href":"https:\/\/stefanmuntwyler-pigmente.ch\/en\/wp-json\/wp\/v2\/users\/1"}],"replies":[{"embeddable":true,"href":"https:\/\/stefanmuntwyler-pigmente.ch\/en\/wp-json\/wp\/v2\/comments?post=744"}],"version-history":[{"count":4,"href":"https:\/\/stefanmuntwyler-pigmente.ch\/en\/wp-json\/wp\/v2\/pages\/744\/revisions"}],"predecessor-version":[{"id":3120,"href":"https:\/\/stefanmuntwyler-pigmente.ch\/en\/wp-json\/wp\/v2\/pages\/744\/revisions\/3120"}],"wp:attachment":[{"href":"https:\/\/stefanmuntwyler-pigmente.ch\/en\/wp-json\/wp\/v2\/media?parent=744"}],"curies":[{"name":"wp","href":"https:\/\/api.w.org\/{rel}","templated":true}]}}