{"id":54,"date":"2014-11-17T01:47:01","date_gmt":"2014-11-16T23:47:01","guid":{"rendered":"https:\/\/stefanmuntwyler-pigmente.ch\/?page_id=54"},"modified":"2015-02-25T08:52:32","modified_gmt":"2015-02-25T06:52:32","slug":"links","status":"publish","type":"page","link":"https:\/\/stefanmuntwyler-pigmente.ch\/en\/links\/","title":{"rendered":"Links"},"content":{"rendered":"<ol>\n<li>Alataverlag: <a class=\"fett\" title=\"Alataverlag\" href=\"http:\/\/www.alataverlag.ch\/\" rel=\"\">www.alataverlag.ch<\/a><\/li>\n<li>Atem+Rhythmus, Roswitha Muntwyler: <a class=\"fett\" title=\"Atem+Rhythmus\" href=\"http:\/\/www.atem-rhythmus.ch\/\" rel=\"\">www.atem-rhythmus.ch<\/a><\/li>\n<li>Blickle Veranstaltungstechnik, Urs Blickle: <a class=\"fett\" title=\"Blickle Veranstaltungstechnik\" href=\"http:\/\/www.blicklicht.ch\" target=\"_blank\">www.blicklicht.ch<\/a><\/li>\n<li>Buchherstellerin, T. Wagenbach Stephan: <a class=\"fett\" title=\"Buchherstellerin\" href=\"http:\/\/www.diebuchherstellung.ch\/\" rel=\"\">www.diebuchherstellung.ch<\/a><\/li>\n<li>BWS Labor AG <a class=\"fett\" title=\"BWS Labor AG\" href=\"http:\/\/www.bwslabor.ch\/\" rel=\"\">www.bwslabor.ch<\/a><\/li>\n<li>Epple Druckfarben: <a class=\"fett\" title=\"Epple Druckfarben\" href=\"http:\/\/www.epple-druckfarben.ch\/\" rel=\"\">www.epple-druckfarben.ch<\/a><\/li>\n<li>Martina L\u00f6w: <a class=\"fett\" title=\"farbe form funktion\" href=\"http:\/\/www.farbe-funktion-form.de\/\" rel=\"\">www.farbe-funktion-form.de<\/a><\/li>\n<li>Fotograf, R\u00e9ne R\u00f6theli: <a class=\"fett\" title=\"Fotograf, R\u00e9ne R\u00f6theli\" href=\"http:\/\/www.vfgonline.ch\/rroetheli\" rel=\"\">www.vfgonline.ch\/rroetheli<\/a><\/li>\n<li>Greinacher-Design: <a class=\"fett\" title=\"Greinacher-Design\" href=\"http:\/\/www.greinacher-design.ch\/\" rel=\"\">www.greinacher-design.ch<\/a><\/li>\n<li>Farbe &#038; Design, Monika Heiss: <a class=\"fett\" title=\"Farbe &#038; Design\" href=\"http:\/\/www.monikaheiss.at\/\" rel=\"\">www.monikaheiss.at<\/a><\/li>\n<li>Kremer Pigmente GmbH &amp; Co. KG: <a class=\"fett\" title=\"Kremer Pigmente GmbH &amp; Co. KG\" href=\"http:\/\/www.kremer-pigmente.com\/\" rel=\"\">www.kremer-pigmente.com<\/a><\/li>\n<li>Liechti Graf Zumsteg Architekten: <a class=\"fett\" title=\"Liechti Graf Zumsteg Architekten\" href=\"http:\/\/www.lgz.ch\/\" rel=\"\">www.lgz.ch<\/a><\/li>\n<li>Museum Wiesbaden: <a class=\"fett\" title=\"Museum Wiesbaden\" href=\"http:\/\/www.museum-wiesbaden.de\/\" rel=\"\">www.museum-wiesbaden.de<\/a><\/li>\n<li>Sonderegger Druck AG: <a class=\"fett\" title=\"Sonderegger Druck AG\" href=\"http:\/\/www.sondi.ch\/\" rel=\"\">www.sondi.ch<\/a><\/li>\n<li>Team hp Schneider AG f\u00fcr Gestaltung: <a class=\"fett\" title=\"Team hp Schneider AG f\u00fcr Gestaltung\" href=\"http:\/\/www.teamschneider.ch\/\" rel=\"\">www.teamschneider.ch<\/a><\/li>\n<li>Thymos Naturbaustoffe: <a class=\"fett\" title=\"Thymos Naturbaustoffe\" href=\"http:\/\/www.thymos.ch\/\" rel=\"\">www.thymos.ch<\/a><\/li>\n<\/ol>\n","protected":false},"excerpt":{"rendered":"<p>Alataverlag: www.alataverlag.ch Atem+Rhythmus, Roswitha Muntwyler: www.atem-rhythmus.ch Blickle Veranstaltungstechnik, Urs Blickle: www.blicklicht.ch Buchherstellerin, T. Wagenbach Stephan: www.diebuchherstellung.ch BWS Labor AG www.bwslabor.ch Epple Druckfarben: www.epple-druckfarben.ch Martina L\u00f6w: www.farbe-funktion-form.de Fotograf, R\u00e9ne R\u00f6theli: www.vfgonline.ch\/rroetheli Greinacher-Design: www.greinacher-design.ch Farbe &#038; Design, Monika Heiss: www.monikaheiss.at Kremer Pigmente GmbH &amp; Co. KG: www.kremer-pigmente.com Liechti Graf Zumsteg Architekten: www.lgz.ch Museum Wiesbaden: www.museum-wiesbaden.de Sonderegger Druck &hellip;<\/p>\n","protected":false},"author":1,"featured_media":95,"parent":0,"menu_order":0,"comment_status":"closed","ping_status":"closed","template":"","meta":{"_acf_changed":false,"footnotes":""},"class_list":["post-54","page","type-page","status-publish","has-post-thumbnail","hentry"],"acf":[],"yoast_head":"<!-- This site is optimized with the Yoast SEO plugin v26.7 - https:\/\/yoast.com\/wordpress\/plugins\/seo\/ -->\n<title>Links - Stefan Muntwyler Pigmente<\/title>\n<meta name=\"robots\" content=\"index, follow, max-snippet:-1, max-image-preview:large, max-video-preview:-1\" \/>\n<link rel=\"canonical\" href=\"https:\/\/stefanmuntwyler-pigmente.ch\/en\/links\/\" \/>\n<meta property=\"og:locale\" content=\"en_US\" \/>\n<meta property=\"og:type\" content=\"article\" \/>\n<meta property=\"og:title\" content=\"Links - Stefan Muntwyler Pigmente\" \/>\n<meta property=\"og:description\" content=\"Alataverlag: www.alataverlag.ch Atem+Rhythmus, Roswitha Muntwyler: www.atem-rhythmus.ch Blickle Veranstaltungstechnik, Urs Blickle: www.blicklicht.ch Buchherstellerin, T. Wagenbach Stephan: www.diebuchherstellung.ch BWS Labor AG www.bwslabor.ch Epple Druckfarben: www.epple-druckfarben.ch Martina L\u00f6w: www.farbe-funktion-form.de Fotograf, R\u00e9ne R\u00f6theli: www.vfgonline.ch\/rroetheli Greinacher-Design: www.greinacher-design.ch Farbe &#038; Design, Monika Heiss: www.monikaheiss.at Kremer Pigmente GmbH &amp; Co. KG: www.kremer-pigmente.com Liechti Graf Zumsteg Architekten: www.lgz.ch Museum Wiesbaden: www.museum-wiesbaden.de Sonderegger Druck &hellip;\" \/>\n<meta property=\"og:url\" content=\"https:\/\/stefanmuntwyler-pigmente.ch\/en\/links\/\" \/>\n<meta property=\"og:site_name\" content=\"Stefan Muntwyler Pigmente\" \/>\n<meta property=\"article:modified_time\" content=\"2015-02-25T06:52:32+00:00\" \/>\n<meta property=\"og:image\" content=\"https:\/\/stefanmuntwyler-pigmente.ch\/wp-content\/uploads\/Links-Stefan.jpg\" \/>\n\t<meta property=\"og:image:width\" content=\"1170\" \/>\n\t<meta property=\"og:image:height\" content=\"585\" \/>\n\t<meta property=\"og:image:type\" content=\"image\/jpeg\" \/>\n<meta name=\"twitter:label1\" content=\"Est. reading time\" \/>\n\t<meta name=\"twitter:data1\" content=\"1 minute\" \/>\n<script type=\"application\/ld+json\" class=\"yoast-schema-graph\">{\"@context\":\"https:\/\/schema.org\",\"@graph\":[{\"@type\":\"WebPage\",\"@id\":\"https:\/\/stefanmuntwyler-pigmente.ch\/en\/links\/\",\"url\":\"https:\/\/stefanmuntwyler-pigmente.ch\/en\/links\/\",\"name\":\"Links - Stefan Muntwyler Pigmente\",\"isPartOf\":{\"@id\":\"https:\/\/stefanmuntwyler-pigmente.ch\/en\/#website\"},\"primaryImageOfPage\":{\"@id\":\"https:\/\/stefanmuntwyler-pigmente.ch\/en\/links\/#primaryimage\"},\"image\":{\"@id\":\"https:\/\/stefanmuntwyler-pigmente.ch\/en\/links\/#primaryimage\"},\"thumbnailUrl\":\"https:\/\/stefanmuntwyler-pigmente.ch\/wp-content\/uploads\/Links-Stefan.jpg\",\"datePublished\":\"2014-11-16T23:47:01+00:00\",\"dateModified\":\"2015-02-25T06:52:32+00:00\",\"breadcrumb\":{\"@id\":\"https:\/\/stefanmuntwyler-pigmente.ch\/en\/links\/#breadcrumb\"},\"inLanguage\":\"en-US\",\"potentialAction\":[{\"@type\":\"ReadAction\",\"target\":[\"https:\/\/stefanmuntwyler-pigmente.ch\/en\/links\/\"]}]},{\"@type\":\"ImageObject\",\"inLanguage\":\"en-US\",\"@id\":\"https:\/\/stefanmuntwyler-pigmente.ch\/en\/links\/#primaryimage\",\"url\":\"https:\/\/stefanmuntwyler-pigmente.ch\/wp-content\/uploads\/Links-Stefan.jpg\",\"contentUrl\":\"https:\/\/stefanmuntwyler-pigmente.ch\/wp-content\/uploads\/Links-Stefan.jpg\",\"width\":1170,\"height\":585},{\"@type\":\"BreadcrumbList\",\"@id\":\"https:\/\/stefanmuntwyler-pigmente.ch\/en\/links\/#breadcrumb\",\"itemListElement\":[{\"@type\":\"ListItem\",\"position\":1,\"name\":\"Home\",\"item\":\"https:\/\/stefanmuntwyler-pigmente.ch\/en\/\"},{\"@type\":\"ListItem\",\"position\":2,\"name\":\"Links\"}]},{\"@type\":\"WebSite\",\"@id\":\"https:\/\/stefanmuntwyler-pigmente.ch\/en\/#website\",\"url\":\"https:\/\/stefanmuntwyler-pigmente.ch\/en\/\",\"name\":\"Stefan Muntwyler Pigmente\",\"description\":\"Farbforscher und K\u00fcnstler\",\"potentialAction\":[{\"@type\":\"SearchAction\",\"target\":{\"@type\":\"EntryPoint\",\"urlTemplate\":\"https:\/\/stefanmuntwyler-pigmente.ch\/en\/?s={search_term_string}\"},\"query-input\":{\"@type\":\"PropertyValueSpecification\",\"valueRequired\":true,\"valueName\":\"search_term_string\"}}],\"inLanguage\":\"en-US\"}]}<\/script>\n<!-- \/ Yoast SEO plugin. -->","yoast_head_json":{"title":"Links - Stefan Muntwyler Pigmente","robots":{"index":"index","follow":"follow","max-snippet":"max-snippet:-1","max-image-preview":"max-image-preview:large","max-video-preview":"max-video-preview:-1"},"canonical":"https:\/\/stefanmuntwyler-pigmente.ch\/en\/links\/","og_locale":"en_US","og_type":"article","og_title":"Links - Stefan Muntwyler Pigmente","og_description":"Alataverlag: www.alataverlag.ch Atem+Rhythmus, Roswitha Muntwyler: www.atem-rhythmus.ch Blickle Veranstaltungstechnik, Urs Blickle: www.blicklicht.ch Buchherstellerin, T. Wagenbach Stephan: www.diebuchherstellung.ch BWS Labor AG www.bwslabor.ch Epple Druckfarben: www.epple-druckfarben.ch Martina L\u00f6w: www.farbe-funktion-form.de Fotograf, R\u00e9ne R\u00f6theli: www.vfgonline.ch\/rroetheli Greinacher-Design: www.greinacher-design.ch Farbe &#038; Design, Monika Heiss: www.monikaheiss.at Kremer Pigmente GmbH &amp; Co. KG: www.kremer-pigmente.com Liechti Graf Zumsteg Architekten: www.lgz.ch Museum Wiesbaden: www.museum-wiesbaden.de Sonderegger Druck &hellip;","og_url":"https:\/\/stefanmuntwyler-pigmente.ch\/en\/links\/","og_site_name":"Stefan Muntwyler Pigmente","article_modified_time":"2015-02-25T06:52:32+00:00","og_image":[{"width":1170,"height":585,"url":"https:\/\/stefanmuntwyler-pigmente.ch\/wp-content\/uploads\/Links-Stefan.jpg","type":"image\/jpeg"}],"twitter_misc":{"Est. reading time":"1 minute"},"schema":{"@context":"https:\/\/schema.org","@graph":[{"@type":"WebPage","@id":"https:\/\/stefanmuntwyler-pigmente.ch\/en\/links\/","url":"https:\/\/stefanmuntwyler-pigmente.ch\/en\/links\/","name":"Links - Stefan Muntwyler Pigmente","isPartOf":{"@id":"https:\/\/stefanmuntwyler-pigmente.ch\/en\/#website"},"primaryImageOfPage":{"@id":"https:\/\/stefanmuntwyler-pigmente.ch\/en\/links\/#primaryimage"},"image":{"@id":"https:\/\/stefanmuntwyler-pigmente.ch\/en\/links\/#primaryimage"},"thumbnailUrl":"https:\/\/stefanmuntwyler-pigmente.ch\/wp-content\/uploads\/Links-Stefan.jpg","datePublished":"2014-11-16T23:47:01+00:00","dateModified":"2015-02-25T06:52:32+00:00","breadcrumb":{"@id":"https:\/\/stefanmuntwyler-pigmente.ch\/en\/links\/#breadcrumb"},"inLanguage":"en-US","potentialAction":[{"@type":"ReadAction","target":["https:\/\/stefanmuntwyler-pigmente.ch\/en\/links\/"]}]},{"@type":"ImageObject","inLanguage":"en-US","@id":"https:\/\/stefanmuntwyler-pigmente.ch\/en\/links\/#primaryimage","url":"https:\/\/stefanmuntwyler-pigmente.ch\/wp-content\/uploads\/Links-Stefan.jpg","contentUrl":"https:\/\/stefanmuntwyler-pigmente.ch\/wp-content\/uploads\/Links-Stefan.jpg","width":1170,"height":585},{"@type":"BreadcrumbList","@id":"https:\/\/stefanmuntwyler-pigmente.ch\/en\/links\/#breadcrumb","itemListElement":[{"@type":"ListItem","position":1,"name":"Home","item":"https:\/\/stefanmuntwyler-pigmente.ch\/en\/"},{"@type":"ListItem","position":2,"name":"Links"}]},{"@type":"WebSite","@id":"https:\/\/stefanmuntwyler-pigmente.ch\/en\/#website","url":"https:\/\/stefanmuntwyler-pigmente.ch\/en\/","name":"Stefan Muntwyler Pigmente","description":"Farbforscher und K\u00fcnstler","potentialAction":[{"@type":"SearchAction","target":{"@type":"EntryPoint","urlTemplate":"https:\/\/stefanmuntwyler-pigmente.ch\/en\/?s={search_term_string}"},"query-input":{"@type":"PropertyValueSpecification","valueRequired":true,"valueName":"search_term_string"}}],"inLanguage":"en-US"}]}},"_links":{"self":[{"href":"https:\/\/stefanmuntwyler-pigmente.ch\/en\/wp-json\/wp\/v2\/pages\/54","targetHints":{"allow":["GET"]}}],"collection":[{"href":"https:\/\/stefanmuntwyler-pigmente.ch\/en\/wp-json\/wp\/v2\/pages"}],"about":[{"href":"https:\/\/stefanmuntwyler-pigmente.ch\/en\/wp-json\/wp\/v2\/types\/page"}],"author":[{"embeddable":true,"href":"https:\/\/stefanmuntwyler-pigmente.ch\/en\/wp-json\/wp\/v2\/users\/1"}],"replies":[{"embeddable":true,"href":"https:\/\/stefanmuntwyler-pigmente.ch\/en\/wp-json\/wp\/v2\/comments?post=54"}],"version-history":[{"count":0,"href":"https:\/\/stefanmuntwyler-pigmente.ch\/en\/wp-json\/wp\/v2\/pages\/54\/revisions"}],"wp:featuredmedia":[{"embeddable":true,"href":"https:\/\/stefanmuntwyler-pigmente.ch\/en\/wp-json\/wp\/v2\/media\/95"}],"wp:attachment":[{"href":"https:\/\/stefanmuntwyler-pigmente.ch\/en\/wp-json\/wp\/v2\/media?parent=54"}],"curies":[{"name":"wp","href":"https:\/\/api.w.org\/{rel}","templated":true}]}}