{"id":213,"date":"2014-11-23T12:41:29","date_gmt":"2014-11-23T10:41:29","guid":{"rendered":"https:\/\/stefanmuntwyler-pigmente.ch\/?page_id=213"},"modified":"2023-10-12T11:00:55","modified_gmt":"2023-10-12T09:00:55","slug":"imprint","status":"publish","type":"page","link":"https:\/\/stefanmuntwyler-pigmente.ch\/en\/imprint\/","title":{"rendered":"Imprint"},"content":{"rendered":"<p><strong>Anbieter:<\/strong> <a href=\"http:\/\/www.stefanmuntwyler-pigmente.ch\" rel=\"\">www.stefanmuntwyler-pigmente.ch<\/a>, esem(at)bluewin.ch<\/p>\n<p><strong>Konzept\/Design\/Programmierung\/Support:<\/strong> \u00a9 Web + Grafik Design: Alexander Tupalov, Claudia Greinacher, <a href=\"http:\/\/www.greinacher-design.ch\" target=\"_blank\" rel=\"noopener\">www.greinacher-design.ch<\/a><\/p>\n<p><strong>Texte:<\/strong> Alle Texte sind vom Anbieter selber verfasst und die Verwendung ist nur mit ausdr\u00fccklicher Genehmigung des Anbieters gestattet.<\/p>\n<p><strong>\u00dcbersetzungen:<\/strong> Alle englischen Texte wurden von Ursina Sommer \u00fcbersetzt, ursina.sommer@bluewin.ch, Z\u00fcrich.<\/p>\n<p><strong>Herzlichen Dank f\u00fcr viele Bildrechte:<\/strong> \u00a9 Museum Wiesbaden, \u00a9 Ren\u00e9 R\u00f6theli, Baden; \u00a9 Irja Fortmann, Baden; \u00a9 Henry Pierre Schultz, Bellikon; \u00a9 Manja Goldammer, Berlin, \u00a9 Alex Tupalov, Bauma, \u00a9 Regula Huber, Wermatswil, \u00a9 Peter Quirin, Wiesbaden. Und f\u00fcr weiteres Bildmaterial: Claudia Greinacher, Christian Greutmann, Wim Horstink, Felix Huser, Peter Ott, Hanspeter Schneider.<\/p>\n<p><strong>Copyright:<\/strong> Vervielf\u00e4ltigungen jeder Art sind nur mit ausdr\u00fccklicher Genehmigung des Anbieters gestattet. Die Aufnahme in Online-Dienste und Internet sowie die Vervielf\u00e4ltigung auf Datentr\u00e4ger d\u00fcrfen nur nach schriftlicher Zustimmung des Anbieters erfolgen.<\/p>\n<p><strong>Haftung: <\/strong>Die Beitr\u00e4ge und Inhalte auf <a href=\"http:\/\/www.stefanmuntwyler-pigmente.ch\" rel=\"\">www.stefanmuntwyler-pigmente.ch<\/a> werden mit Sorgfalt recherchiert. Dennoch wird eine Haftung ausgeschlossen.<\/p>\n<p><strong>Wichtiger Hinweis zu allen Links:<\/strong> Der Anbieter ist nicht f\u00fcr die Inhalte fremder Seiten verantwortlich, die \u00fcber einen Link erreicht werden. Diese Erkl\u00e4rung gilt f\u00fcr alle auf dieser Homepage angebrachten Links, die nicht auf Webseiten der Seite weisen.<\/p>\n","protected":false},"excerpt":{"rendered":"<p>Anbieter: www.stefanmuntwyler-pigmente.ch, esem(at)bluewin.ch Konzept\/Design\/Programmierung\/Support: \u00a9 Web + Grafik Design: Alexander Tupalov, Claudia Greinacher, www.greinacher-design.ch Texte: Alle Texte sind vom Anbieter selber verfasst und die Verwendung ist nur mit ausdr\u00fccklicher Genehmigung des Anbieters gestattet. \u00dcbersetzungen: Alle englischen Texte wurden von Ursina Sommer \u00fcbersetzt, ursina.sommer@bluewin.ch, Z\u00fcrich. Herzlichen Dank f\u00fcr viele Bildrechte: \u00a9 Museum Wiesbaden, \u00a9 Ren\u00e9 R\u00f6theli, &hellip;<\/p>\n","protected":false},"author":1,"featured_media":126,"parent":0,"menu_order":100,"comment_status":"closed","ping_status":"closed","template":"","meta":{"_acf_changed":false,"footnotes":""},"class_list":["post-213","page","type-page","status-publish","has-post-thumbnail","hentry"],"acf":[],"yoast_head":"<!-- This site is optimized with the Yoast SEO plugin v26.7 - https:\/\/yoast.com\/wordpress\/plugins\/seo\/ -->\n<title>Imprint - Stefan Muntwyler Pigmente<\/title>\n<meta name=\"robots\" content=\"index, follow, max-snippet:-1, max-image-preview:large, max-video-preview:-1\" \/>\n<link rel=\"canonical\" href=\"https:\/\/stefanmuntwyler-pigmente.ch\/en\/imprint\/\" \/>\n<meta property=\"og:locale\" content=\"en_US\" \/>\n<meta property=\"og:type\" content=\"article\" \/>\n<meta property=\"og:title\" content=\"Imprint - Stefan Muntwyler Pigmente\" \/>\n<meta property=\"og:description\" content=\"Anbieter: www.stefanmuntwyler-pigmente.ch, esem(at)bluewin.ch Konzept\/Design\/Programmierung\/Support: \u00a9 Web + Grafik Design: Alexander Tupalov, Claudia Greinacher, www.greinacher-design.ch Texte: Alle Texte sind vom Anbieter selber verfasst und die Verwendung ist nur mit ausdr\u00fccklicher Genehmigung des Anbieters gestattet. \u00dcbersetzungen: Alle englischen Texte wurden von Ursina Sommer \u00fcbersetzt, ursina.sommer@bluewin.ch, Z\u00fcrich. Herzlichen Dank f\u00fcr viele Bildrechte: \u00a9 Museum Wiesbaden, \u00a9 Ren\u00e9 R\u00f6theli, &hellip;\" \/>\n<meta property=\"og:url\" content=\"https:\/\/stefanmuntwyler-pigmente.ch\/en\/imprint\/\" \/>\n<meta property=\"og:site_name\" content=\"Stefan Muntwyler Pigmente\" \/>\n<meta property=\"article:modified_time\" content=\"2023-10-12T09:00:55+00:00\" \/>\n<meta property=\"og:image\" content=\"https:\/\/stefanmuntwyler-pigmente.ch\/wp-content\/uploads\/Impressum-Stefan-Muntwyler.jpg\" \/>\n\t<meta property=\"og:image:width\" content=\"1170\" \/>\n\t<meta property=\"og:image:height\" content=\"585\" \/>\n\t<meta property=\"og:image:type\" content=\"image\/jpeg\" \/>\n<meta name=\"twitter:label1\" content=\"Est. reading time\" \/>\n\t<meta name=\"twitter:data1\" content=\"2 minutes\" \/>\n<script type=\"application\/ld+json\" class=\"yoast-schema-graph\">{\"@context\":\"https:\/\/schema.org\",\"@graph\":[{\"@type\":\"WebPage\",\"@id\":\"https:\/\/stefanmuntwyler-pigmente.ch\/en\/imprint\/\",\"url\":\"https:\/\/stefanmuntwyler-pigmente.ch\/en\/imprint\/\",\"name\":\"Imprint - Stefan Muntwyler Pigmente\",\"isPartOf\":{\"@id\":\"https:\/\/stefanmuntwyler-pigmente.ch\/en\/#website\"},\"primaryImageOfPage\":{\"@id\":\"https:\/\/stefanmuntwyler-pigmente.ch\/en\/imprint\/#primaryimage\"},\"image\":{\"@id\":\"https:\/\/stefanmuntwyler-pigmente.ch\/en\/imprint\/#primaryimage\"},\"thumbnailUrl\":\"https:\/\/stefanmuntwyler-pigmente.ch\/wp-content\/uploads\/Impressum-Stefan-Muntwyler.jpg\",\"datePublished\":\"2014-11-23T10:41:29+00:00\",\"dateModified\":\"2023-10-12T09:00:55+00:00\",\"breadcrumb\":{\"@id\":\"https:\/\/stefanmuntwyler-pigmente.ch\/en\/imprint\/#breadcrumb\"},\"inLanguage\":\"en-US\",\"potentialAction\":[{\"@type\":\"ReadAction\",\"target\":[\"https:\/\/stefanmuntwyler-pigmente.ch\/en\/imprint\/\"]}]},{\"@type\":\"ImageObject\",\"inLanguage\":\"en-US\",\"@id\":\"https:\/\/stefanmuntwyler-pigmente.ch\/en\/imprint\/#primaryimage\",\"url\":\"https:\/\/stefanmuntwyler-pigmente.ch\/wp-content\/uploads\/Impressum-Stefan-Muntwyler.jpg\",\"contentUrl\":\"https:\/\/stefanmuntwyler-pigmente.ch\/wp-content\/uploads\/Impressum-Stefan-Muntwyler.jpg\",\"width\":1170,\"height\":585},{\"@type\":\"BreadcrumbList\",\"@id\":\"https:\/\/stefanmuntwyler-pigmente.ch\/en\/imprint\/#breadcrumb\",\"itemListElement\":[{\"@type\":\"ListItem\",\"position\":1,\"name\":\"Home\",\"item\":\"https:\/\/stefanmuntwyler-pigmente.ch\/en\/\"},{\"@type\":\"ListItem\",\"position\":2,\"name\":\"Imprint\"}]},{\"@type\":\"WebSite\",\"@id\":\"https:\/\/stefanmuntwyler-pigmente.ch\/en\/#website\",\"url\":\"https:\/\/stefanmuntwyler-pigmente.ch\/en\/\",\"name\":\"Stefan Muntwyler Pigmente\",\"description\":\"Farbforscher und K\u00fcnstler\",\"potentialAction\":[{\"@type\":\"SearchAction\",\"target\":{\"@type\":\"EntryPoint\",\"urlTemplate\":\"https:\/\/stefanmuntwyler-pigmente.ch\/en\/?s={search_term_string}\"},\"query-input\":{\"@type\":\"PropertyValueSpecification\",\"valueRequired\":true,\"valueName\":\"search_term_string\"}}],\"inLanguage\":\"en-US\"}]}<\/script>\n<!-- \/ Yoast SEO plugin. -->","yoast_head_json":{"title":"Imprint - Stefan Muntwyler Pigmente","robots":{"index":"index","follow":"follow","max-snippet":"max-snippet:-1","max-image-preview":"max-image-preview:large","max-video-preview":"max-video-preview:-1"},"canonical":"https:\/\/stefanmuntwyler-pigmente.ch\/en\/imprint\/","og_locale":"en_US","og_type":"article","og_title":"Imprint - Stefan Muntwyler Pigmente","og_description":"Anbieter: www.stefanmuntwyler-pigmente.ch, esem(at)bluewin.ch Konzept\/Design\/Programmierung\/Support: \u00a9 Web + Grafik Design: Alexander Tupalov, Claudia Greinacher, www.greinacher-design.ch Texte: Alle Texte sind vom Anbieter selber verfasst und die Verwendung ist nur mit ausdr\u00fccklicher Genehmigung des Anbieters gestattet. \u00dcbersetzungen: Alle englischen Texte wurden von Ursina Sommer \u00fcbersetzt, ursina.sommer@bluewin.ch, Z\u00fcrich. Herzlichen Dank f\u00fcr viele Bildrechte: \u00a9 Museum Wiesbaden, \u00a9 Ren\u00e9 R\u00f6theli, &hellip;","og_url":"https:\/\/stefanmuntwyler-pigmente.ch\/en\/imprint\/","og_site_name":"Stefan Muntwyler Pigmente","article_modified_time":"2023-10-12T09:00:55+00:00","og_image":[{"width":1170,"height":585,"url":"https:\/\/stefanmuntwyler-pigmente.ch\/wp-content\/uploads\/Impressum-Stefan-Muntwyler.jpg","type":"image\/jpeg"}],"twitter_misc":{"Est. reading time":"2 minutes"},"schema":{"@context":"https:\/\/schema.org","@graph":[{"@type":"WebPage","@id":"https:\/\/stefanmuntwyler-pigmente.ch\/en\/imprint\/","url":"https:\/\/stefanmuntwyler-pigmente.ch\/en\/imprint\/","name":"Imprint - Stefan Muntwyler Pigmente","isPartOf":{"@id":"https:\/\/stefanmuntwyler-pigmente.ch\/en\/#website"},"primaryImageOfPage":{"@id":"https:\/\/stefanmuntwyler-pigmente.ch\/en\/imprint\/#primaryimage"},"image":{"@id":"https:\/\/stefanmuntwyler-pigmente.ch\/en\/imprint\/#primaryimage"},"thumbnailUrl":"https:\/\/stefanmuntwyler-pigmente.ch\/wp-content\/uploads\/Impressum-Stefan-Muntwyler.jpg","datePublished":"2014-11-23T10:41:29+00:00","dateModified":"2023-10-12T09:00:55+00:00","breadcrumb":{"@id":"https:\/\/stefanmuntwyler-pigmente.ch\/en\/imprint\/#breadcrumb"},"inLanguage":"en-US","potentialAction":[{"@type":"ReadAction","target":["https:\/\/stefanmuntwyler-pigmente.ch\/en\/imprint\/"]}]},{"@type":"ImageObject","inLanguage":"en-US","@id":"https:\/\/stefanmuntwyler-pigmente.ch\/en\/imprint\/#primaryimage","url":"https:\/\/stefanmuntwyler-pigmente.ch\/wp-content\/uploads\/Impressum-Stefan-Muntwyler.jpg","contentUrl":"https:\/\/stefanmuntwyler-pigmente.ch\/wp-content\/uploads\/Impressum-Stefan-Muntwyler.jpg","width":1170,"height":585},{"@type":"BreadcrumbList","@id":"https:\/\/stefanmuntwyler-pigmente.ch\/en\/imprint\/#breadcrumb","itemListElement":[{"@type":"ListItem","position":1,"name":"Home","item":"https:\/\/stefanmuntwyler-pigmente.ch\/en\/"},{"@type":"ListItem","position":2,"name":"Imprint"}]},{"@type":"WebSite","@id":"https:\/\/stefanmuntwyler-pigmente.ch\/en\/#website","url":"https:\/\/stefanmuntwyler-pigmente.ch\/en\/","name":"Stefan Muntwyler Pigmente","description":"Farbforscher und K\u00fcnstler","potentialAction":[{"@type":"SearchAction","target":{"@type":"EntryPoint","urlTemplate":"https:\/\/stefanmuntwyler-pigmente.ch\/en\/?s={search_term_string}"},"query-input":{"@type":"PropertyValueSpecification","valueRequired":true,"valueName":"search_term_string"}}],"inLanguage":"en-US"}]}},"_links":{"self":[{"href":"https:\/\/stefanmuntwyler-pigmente.ch\/en\/wp-json\/wp\/v2\/pages\/213","targetHints":{"allow":["GET"]}}],"collection":[{"href":"https:\/\/stefanmuntwyler-pigmente.ch\/en\/wp-json\/wp\/v2\/pages"}],"about":[{"href":"https:\/\/stefanmuntwyler-pigmente.ch\/en\/wp-json\/wp\/v2\/types\/page"}],"author":[{"embeddable":true,"href":"https:\/\/stefanmuntwyler-pigmente.ch\/en\/wp-json\/wp\/v2\/users\/1"}],"replies":[{"embeddable":true,"href":"https:\/\/stefanmuntwyler-pigmente.ch\/en\/wp-json\/wp\/v2\/comments?post=213"}],"version-history":[{"count":1,"href":"https:\/\/stefanmuntwyler-pigmente.ch\/en\/wp-json\/wp\/v2\/pages\/213\/revisions"}],"predecessor-version":[{"id":4650,"href":"https:\/\/stefanmuntwyler-pigmente.ch\/en\/wp-json\/wp\/v2\/pages\/213\/revisions\/4650"}],"wp:featuredmedia":[{"embeddable":true,"href":"https:\/\/stefanmuntwyler-pigmente.ch\/en\/wp-json\/wp\/v2\/media\/126"}],"wp:attachment":[{"href":"https:\/\/stefanmuntwyler-pigmente.ch\/en\/wp-json\/wp\/v2\/media?parent=213"}],"curies":[{"name":"wp","href":"https:\/\/api.w.org\/{rel}","templated":true}]}}