{"id":2093,"date":"2015-03-03T21:56:05","date_gmt":"2015-03-03T19:56:05","guid":{"rendered":"https:\/\/stefanmuntwyler-pigmente.ch\/?page_id=2093"},"modified":"2015-03-03T22:01:43","modified_gmt":"2015-03-03T20:01:43","slug":"bauxitgrube-from-otranto","status":"publish","type":"page","link":"https:\/\/stefanmuntwyler-pigmente.ch\/en\/bauxitgrube-from-otranto\/","title":{"rendered":"Bauxitgrube von Otranto"},"content":{"rendered":"<p><strong>In den Vierzigerjahren begann man s\u00fcdlich von Otranto Bauxit abzubauen. Es dient zur Herstellung von Aluminium. Eine mit schwerem Ger\u00e4t befahrbare Rampe erschloss die Grubensohle. Die bauxithaltige, rote Erde wurde im Tagebau maschinell gesch\u00fcrft, mit Transportb\u00e4ndern hinauf auf die Ebene bef\u00f6rdert, dort zerkleinert, so dass sich die 5 bis 40 Millimeter gro\u00dfen Bauxit-K\u00fcgelchen aussieben lie\u00dfen. Das gewonnene Erz wurde mit Lastwagen zum Hafen von Otranto gefahren, dort verladen und nach Meghara in Albanien verschifft. Ungef\u00e4hr 1980 wurde der Abbau eingestellt.<\/strong><\/p>\n<h2>Seegrund-Projekt Otranto<\/h2>\n<p>Der Geologe Andr\u00e9 Lambert hat die geologische Situation der Grube in einem Projekt 2008 untersucht und ein Profil erstellt. Einzig fehlte damals eine Bodenprobe des Seegrundes. Das haben wir in einer gemeinsamen Aktion 2014 nachgeholt.<\/p>\n<ol>\n<li><a class=\"pdf\" href=\"https:\/\/stefanmuntwyler-pigmente.ch\/wp-content\/uploads\/Grubensee-Otranto.pdf\">Geologie<\/a><\/li>\n<li><a href=\"https:\/\/www.youtube.com\/watch?v=TVVyXhkJZy4\">Zum Film<\/a><\/li>\n<\/ol>\n","protected":false},"excerpt":{"rendered":"<p>In den Vierzigerjahren begann man s\u00fcdlich von Otranto Bauxit abzubauen. Es dient zur Herstellung von Aluminium. Eine mit schwerem Ger\u00e4t befahrbare Rampe erschloss die Grubensohle. Die bauxithaltige, rote Erde wurde im Tagebau maschinell gesch\u00fcrft, mit Transportb\u00e4ndern hinauf auf die Ebene bef\u00f6rdert, dort zerkleinert, so dass sich die 5 bis 40 Millimeter gro\u00dfen Bauxit-K\u00fcgelchen aussieben lie\u00dfen. &hellip;<\/p>\n","protected":false},"author":1,"featured_media":1832,"parent":0,"menu_order":34,"comment_status":"closed","ping_status":"closed","template":"","meta":{"_acf_changed":false,"footnotes":""},"class_list":["post-2093","page","type-page","status-publish","has-post-thumbnail","hentry"],"acf":[],"yoast_head":"<!-- This site is optimized with the Yoast SEO plugin v26.7 - https:\/\/yoast.com\/wordpress\/plugins\/seo\/ -->\n<title>Bauxitgrube von Otranto - Stefan Muntwyler Pigmente<\/title>\n<meta name=\"robots\" content=\"index, follow, max-snippet:-1, max-image-preview:large, max-video-preview:-1\" \/>\n<link rel=\"canonical\" href=\"https:\/\/stefanmuntwyler-pigmente.ch\/en\/bauxitgrube-from-otranto\/\" \/>\n<meta property=\"og:locale\" content=\"en_US\" \/>\n<meta property=\"og:type\" content=\"article\" \/>\n<meta property=\"og:title\" content=\"Bauxitgrube von Otranto - Stefan Muntwyler Pigmente\" \/>\n<meta property=\"og:description\" content=\"In den Vierzigerjahren begann man s\u00fcdlich von Otranto Bauxit abzubauen. Es dient zur Herstellung von Aluminium. Eine mit schwerem Ger\u00e4t befahrbare Rampe erschloss die Grubensohle. Die bauxithaltige, rote Erde wurde im Tagebau maschinell gesch\u00fcrft, mit Transportb\u00e4ndern hinauf auf die Ebene bef\u00f6rdert, dort zerkleinert, so dass sich die 5 bis 40 Millimeter gro\u00dfen Bauxit-K\u00fcgelchen aussieben lie\u00dfen. &hellip;\" \/>\n<meta property=\"og:url\" content=\"https:\/\/stefanmuntwyler-pigmente.ch\/en\/bauxitgrube-from-otranto\/\" \/>\n<meta property=\"og:site_name\" content=\"Stefan Muntwyler Pigmente\" \/>\n<meta property=\"article:modified_time\" content=\"2015-03-03T20:01:43+00:00\" \/>\n<meta property=\"og:image\" content=\"https:\/\/stefanmuntwyler-pigmente.ch\/wp-content\/uploads\/seegrund_titel1.jpg\" \/>\n\t<meta property=\"og:image:width\" content=\"1170\" \/>\n\t<meta property=\"og:image:height\" content=\"585\" \/>\n\t<meta property=\"og:image:type\" content=\"image\/jpeg\" \/>\n<meta name=\"twitter:label1\" content=\"Est. reading time\" \/>\n\t<meta name=\"twitter:data1\" content=\"1 minute\" \/>\n<script type=\"application\/ld+json\" class=\"yoast-schema-graph\">{\"@context\":\"https:\/\/schema.org\",\"@graph\":[{\"@type\":\"WebPage\",\"@id\":\"https:\/\/stefanmuntwyler-pigmente.ch\/en\/bauxitgrube-from-otranto\/\",\"url\":\"https:\/\/stefanmuntwyler-pigmente.ch\/en\/bauxitgrube-from-otranto\/\",\"name\":\"Bauxitgrube von Otranto - Stefan Muntwyler Pigmente\",\"isPartOf\":{\"@id\":\"https:\/\/stefanmuntwyler-pigmente.ch\/en\/#website\"},\"primaryImageOfPage\":{\"@id\":\"https:\/\/stefanmuntwyler-pigmente.ch\/en\/bauxitgrube-from-otranto\/#primaryimage\"},\"image\":{\"@id\":\"https:\/\/stefanmuntwyler-pigmente.ch\/en\/bauxitgrube-from-otranto\/#primaryimage\"},\"thumbnailUrl\":\"https:\/\/stefanmuntwyler-pigmente.ch\/wp-content\/uploads\/seegrund_titel1.jpg\",\"datePublished\":\"2015-03-03T19:56:05+00:00\",\"dateModified\":\"2015-03-03T20:01:43+00:00\",\"breadcrumb\":{\"@id\":\"https:\/\/stefanmuntwyler-pigmente.ch\/en\/bauxitgrube-from-otranto\/#breadcrumb\"},\"inLanguage\":\"en-US\",\"potentialAction\":[{\"@type\":\"ReadAction\",\"target\":[\"https:\/\/stefanmuntwyler-pigmente.ch\/en\/bauxitgrube-from-otranto\/\"]}]},{\"@type\":\"ImageObject\",\"inLanguage\":\"en-US\",\"@id\":\"https:\/\/stefanmuntwyler-pigmente.ch\/en\/bauxitgrube-from-otranto\/#primaryimage\",\"url\":\"https:\/\/stefanmuntwyler-pigmente.ch\/wp-content\/uploads\/seegrund_titel1.jpg\",\"contentUrl\":\"https:\/\/stefanmuntwyler-pigmente.ch\/wp-content\/uploads\/seegrund_titel1.jpg\",\"width\":1170,\"height\":585},{\"@type\":\"BreadcrumbList\",\"@id\":\"https:\/\/stefanmuntwyler-pigmente.ch\/en\/bauxitgrube-from-otranto\/#breadcrumb\",\"itemListElement\":[{\"@type\":\"ListItem\",\"position\":1,\"name\":\"Home\",\"item\":\"https:\/\/stefanmuntwyler-pigmente.ch\/en\/\"},{\"@type\":\"ListItem\",\"position\":2,\"name\":\"Bauxitgrube von Otranto\"}]},{\"@type\":\"WebSite\",\"@id\":\"https:\/\/stefanmuntwyler-pigmente.ch\/en\/#website\",\"url\":\"https:\/\/stefanmuntwyler-pigmente.ch\/en\/\",\"name\":\"Stefan Muntwyler Pigmente\",\"description\":\"Farbforscher und K\u00fcnstler\",\"potentialAction\":[{\"@type\":\"SearchAction\",\"target\":{\"@type\":\"EntryPoint\",\"urlTemplate\":\"https:\/\/stefanmuntwyler-pigmente.ch\/en\/?s={search_term_string}\"},\"query-input\":{\"@type\":\"PropertyValueSpecification\",\"valueRequired\":true,\"valueName\":\"search_term_string\"}}],\"inLanguage\":\"en-US\"}]}<\/script>\n<!-- \/ Yoast SEO plugin. -->","yoast_head_json":{"title":"Bauxitgrube von Otranto - Stefan Muntwyler Pigmente","robots":{"index":"index","follow":"follow","max-snippet":"max-snippet:-1","max-image-preview":"max-image-preview:large","max-video-preview":"max-video-preview:-1"},"canonical":"https:\/\/stefanmuntwyler-pigmente.ch\/en\/bauxitgrube-from-otranto\/","og_locale":"en_US","og_type":"article","og_title":"Bauxitgrube von Otranto - Stefan Muntwyler Pigmente","og_description":"In den Vierzigerjahren begann man s\u00fcdlich von Otranto Bauxit abzubauen. Es dient zur Herstellung von Aluminium. Eine mit schwerem Ger\u00e4t befahrbare Rampe erschloss die Grubensohle. Die bauxithaltige, rote Erde wurde im Tagebau maschinell gesch\u00fcrft, mit Transportb\u00e4ndern hinauf auf die Ebene bef\u00f6rdert, dort zerkleinert, so dass sich die 5 bis 40 Millimeter gro\u00dfen Bauxit-K\u00fcgelchen aussieben lie\u00dfen. &hellip;","og_url":"https:\/\/stefanmuntwyler-pigmente.ch\/en\/bauxitgrube-from-otranto\/","og_site_name":"Stefan Muntwyler Pigmente","article_modified_time":"2015-03-03T20:01:43+00:00","og_image":[{"width":1170,"height":585,"url":"https:\/\/stefanmuntwyler-pigmente.ch\/wp-content\/uploads\/seegrund_titel1.jpg","type":"image\/jpeg"}],"twitter_misc":{"Est. reading time":"1 minute"},"schema":{"@context":"https:\/\/schema.org","@graph":[{"@type":"WebPage","@id":"https:\/\/stefanmuntwyler-pigmente.ch\/en\/bauxitgrube-from-otranto\/","url":"https:\/\/stefanmuntwyler-pigmente.ch\/en\/bauxitgrube-from-otranto\/","name":"Bauxitgrube von Otranto - Stefan Muntwyler Pigmente","isPartOf":{"@id":"https:\/\/stefanmuntwyler-pigmente.ch\/en\/#website"},"primaryImageOfPage":{"@id":"https:\/\/stefanmuntwyler-pigmente.ch\/en\/bauxitgrube-from-otranto\/#primaryimage"},"image":{"@id":"https:\/\/stefanmuntwyler-pigmente.ch\/en\/bauxitgrube-from-otranto\/#primaryimage"},"thumbnailUrl":"https:\/\/stefanmuntwyler-pigmente.ch\/wp-content\/uploads\/seegrund_titel1.jpg","datePublished":"2015-03-03T19:56:05+00:00","dateModified":"2015-03-03T20:01:43+00:00","breadcrumb":{"@id":"https:\/\/stefanmuntwyler-pigmente.ch\/en\/bauxitgrube-from-otranto\/#breadcrumb"},"inLanguage":"en-US","potentialAction":[{"@type":"ReadAction","target":["https:\/\/stefanmuntwyler-pigmente.ch\/en\/bauxitgrube-from-otranto\/"]}]},{"@type":"ImageObject","inLanguage":"en-US","@id":"https:\/\/stefanmuntwyler-pigmente.ch\/en\/bauxitgrube-from-otranto\/#primaryimage","url":"https:\/\/stefanmuntwyler-pigmente.ch\/wp-content\/uploads\/seegrund_titel1.jpg","contentUrl":"https:\/\/stefanmuntwyler-pigmente.ch\/wp-content\/uploads\/seegrund_titel1.jpg","width":1170,"height":585},{"@type":"BreadcrumbList","@id":"https:\/\/stefanmuntwyler-pigmente.ch\/en\/bauxitgrube-from-otranto\/#breadcrumb","itemListElement":[{"@type":"ListItem","position":1,"name":"Home","item":"https:\/\/stefanmuntwyler-pigmente.ch\/en\/"},{"@type":"ListItem","position":2,"name":"Bauxitgrube von Otranto"}]},{"@type":"WebSite","@id":"https:\/\/stefanmuntwyler-pigmente.ch\/en\/#website","url":"https:\/\/stefanmuntwyler-pigmente.ch\/en\/","name":"Stefan Muntwyler Pigmente","description":"Farbforscher und K\u00fcnstler","potentialAction":[{"@type":"SearchAction","target":{"@type":"EntryPoint","urlTemplate":"https:\/\/stefanmuntwyler-pigmente.ch\/en\/?s={search_term_string}"},"query-input":{"@type":"PropertyValueSpecification","valueRequired":true,"valueName":"search_term_string"}}],"inLanguage":"en-US"}]}},"_links":{"self":[{"href":"https:\/\/stefanmuntwyler-pigmente.ch\/en\/wp-json\/wp\/v2\/pages\/2093","targetHints":{"allow":["GET"]}}],"collection":[{"href":"https:\/\/stefanmuntwyler-pigmente.ch\/en\/wp-json\/wp\/v2\/pages"}],"about":[{"href":"https:\/\/stefanmuntwyler-pigmente.ch\/en\/wp-json\/wp\/v2\/types\/page"}],"author":[{"embeddable":true,"href":"https:\/\/stefanmuntwyler-pigmente.ch\/en\/wp-json\/wp\/v2\/users\/1"}],"replies":[{"embeddable":true,"href":"https:\/\/stefanmuntwyler-pigmente.ch\/en\/wp-json\/wp\/v2\/comments?post=2093"}],"version-history":[{"count":0,"href":"https:\/\/stefanmuntwyler-pigmente.ch\/en\/wp-json\/wp\/v2\/pages\/2093\/revisions"}],"wp:featuredmedia":[{"embeddable":true,"href":"https:\/\/stefanmuntwyler-pigmente.ch\/en\/wp-json\/wp\/v2\/media\/1832"}],"wp:attachment":[{"href":"https:\/\/stefanmuntwyler-pigmente.ch\/en\/wp-json\/wp\/v2\/media?parent=2093"}],"curies":[{"name":"wp","href":"https:\/\/api.w.org\/{rel}","templated":true}]}}